{"id":19545,"date":"2020-11-25T12:23:58","date_gmt":"2020-11-25T11:23:58","guid":{"rendered":"https:\/\/www.padelmba.com\/?page_id=19545"},"modified":"2026-02-11T15:25:25","modified_gmt":"2026-02-11T14:25:25","slug":"support-2","status":"publish","type":"page","link":"https:\/\/www.padelmba.com\/en\/soporte\/","title":{"rendered":"Support"},"content":{"rendered":"<div data-elementor-type=\"wp-page\" data-elementor-id=\"19545\" class=\"elementor elementor-19545\" data-elementor-post-type=\"page\">\n\t\t\t\t<div class=\"elementor-element elementor-element-ae659cb e-flex e-con-boxed e-con e-parent\" data-id=\"ae659cb\" data-element_type=\"container\" data-e-type=\"container\" data-settings=\"{&quot;background_background&quot;:&quot;classic&quot;}\">\n\t\t\t\t\t<div class=\"e-con-inner\">\n\t\t\t\t<div class=\"elementor-element elementor-element-21939c5 elementor-widget elementor-widget-heading\" data-id=\"21939c5\" data-element_type=\"widget\" data-e-type=\"widget\" data-widget_type=\"heading.default\">\n\t\t\t\t<div class=\"elementor-widget-container\">\n\t\t\t\t\t<h1 class=\"elementor-heading-title elementor-size-default\">How can we help you?<\/h1>\t\t\t\t<\/div>\n\t\t\t\t<\/div>\n\t\t\t\t<div class=\"elementor-element elementor-element-cef95ac elementor-widget__width-initial elementor-widget elementor-widget-heading\" data-id=\"cef95ac\" data-element_type=\"widget\" data-e-type=\"widget\" data-widget_type=\"heading.default\">\n\t\t\t\t<div class=\"elementor-widget-container\">\n\t\t\t\t\t<h1 class=\"elementor-heading-title elementor-size-default\">At Padelmba, we want you to always feel supported. That's why we have our support and customer service team at your disposal to answer any questions, queries, or suggestions you may have.<\/h1>\t\t\t\t<\/div>\n\t\t\t\t<\/div>\n\t\t\t\t\t<\/div>\n\t\t\t\t<\/div>\n\t\t<div class=\"elementor-element elementor-element-756f5c1 e-grid e-con-boxed e-con e-parent\" data-id=\"756f5c1\" data-element_type=\"container\" data-e-type=\"container\">\n\t\t\t\t\t<div class=\"e-con-inner\">\n\t\t<a class=\"elementor-element elementor-element-9ab182d e-con-full e-flex e-con e-child\" data-id=\"9ab182d\" data-element_type=\"container\" data-e-type=\"container\" data-settings=\"{&quot;background_background&quot;:&quot;gradient&quot;}\" href=\"mailto:info@pdelmba.com\">\n\t\t\t\t<div class=\"elementor-element elementor-element-68f8add elementor-position-inline-start elementor-view-default elementor-mobile-position-block-start elementor-widget elementor-widget-icon-box\" data-id=\"68f8add\" data-element_type=\"widget\" data-e-type=\"widget\" data-widget_type=\"icon-box.default\">\n\t\t\t\t<div class=\"elementor-widget-container\">\n\t\t\t\t\t\t\t<div class=\"elementor-icon-box-wrapper\">\n\n\t\t\t\t\t\t<div class=\"elementor-icon-box-icon\">\n\t\t\t\t<span  class=\"elementor-icon\">\n\t\t\t\t<i aria-hidden=\"true\" class=\"fas fa-envelope\"><\/i>\t\t\t\t<\/span>\n\t\t\t<\/div>\n\t\t\t\n\t\t\t\t\t\t<div class=\"elementor-icon-box-content\">\n\n\t\t\t\t\t\t\t\t\t<h3 class=\"elementor-icon-box-title\">\n\t\t\t\t\t\t<span  >\n\t\t\t\t\t\t\tinfo@padelmba.com\t\t\t\t\t\t<\/span>\n\t\t\t\t\t<\/h3>\n\t\t\t\t\n\t\t\t\t\t\t\t\t\t<p class=\"elementor-icon-box-description\">\n\t\t\t\t\t\tYou can send us your query or request by email and a member of our customer service team will contact you within 48 hours (working days, Spain).\n<br><br>\n<b>CONTACT &gt;&gt;<\/b>\t\t\t\t\t<\/p>\n\t\t\t\t\n\t\t\t<\/div>\n\t\t\t\n\t\t<\/div>\n\t\t\t\t\t\t<\/div>\n\t\t\t\t<\/div>\n\t\t\t\t<\/a>\n\t\t<a class=\"elementor-element elementor-element-7f41cce e-con-full e-flex e-con e-child\" data-id=\"7f41cce\" data-element_type=\"container\" data-e-type=\"container\" data-settings=\"{&quot;background_background&quot;:&quot;gradient&quot;}\" href=\"https:\/\/wa.me\/message\/G4A2QS32WRQCJ1\">\n\t\t\t\t<div class=\"elementor-element elementor-element-3bc0869 elementor-position-inline-start elementor-view-default elementor-mobile-position-block-start elementor-widget elementor-widget-icon-box\" data-id=\"3bc0869\" data-element_type=\"widget\" data-e-type=\"widget\" data-widget_type=\"icon-box.default\">\n\t\t\t\t<div class=\"elementor-widget-container\">\n\t\t\t\t\t\t\t<div class=\"elementor-icon-box-wrapper\">\n\n\t\t\t\t\t\t<div class=\"elementor-icon-box-icon\">\n\t\t\t\t<span  class=\"elementor-icon\">\n\t\t\t\t<i aria-hidden=\"true\" class=\"fab fa-whatsapp-square\"><\/i>\t\t\t\t<\/span>\n\t\t\t<\/div>\n\t\t\t\n\t\t\t\t\t\t<div class=\"elementor-icon-box-content\">\n\n\t\t\t\t\t\t\t\t\t<h3 class=\"elementor-icon-box-title\">\n\t\t\t\t\t\t<span  >\n\t\t\t\t\t\t\tWhatsApp\t\t\t\t\t\t<\/span>\n\t\t\t\t\t<\/h3>\n\t\t\t\t\n\t\t\t\t\t\t\t\t\t<p class=\"elementor-icon-box-description\">\n\t\t\t\t\t\tContact us via live chat, and you will receive a *quick response from our support team.\n<br><br>\n<b>*M-F from 9:00 to 20:00 UTC+2<\/b>\n<br><br>\n<b>CONTACT &gt;&gt;<\/b>\t\t\t\t\t<\/p>\n\t\t\t\t\n\t\t\t<\/div>\n\t\t\t\n\t\t<\/div>\n\t\t\t\t\t\t<\/div>\n\t\t\t\t<\/div>\n\t\t\t\t<\/a>\n\t\t\t\t\t<\/div>\n\t\t\t\t<\/div>\n\t\t\t\t<\/div>","protected":false},"excerpt":{"rendered":"<p>\u00bfEn qu\u00e9 podemos ayudarte? En Padelmba queremos que te sientas siempre acompa\u00f1ado. Por eso, ponemos a tu disposici\u00f3n a nuestro equipo de soporte y atenci\u00f3n al cliente, para resolver cualquier duda, consulta o sugerencia que quieras trasladarnos. info@padelmba.com Puedes trasladarnos tu consulta o petici\u00f3n por correo electr\u00f3nico y un miembro de nuestro equipo de atenci\u00f3n [&hellip;]<\/p>\n","protected":false},"author":3625,"featured_media":0,"parent":0,"menu_order":0,"comment_status":"closed","ping_status":"closed","template":"elementor_header_footer","meta":{"_acf_changed":false,"footnotes":""},"class_list":["post-19545","page","type-page","status-publish","hentry"],"acf":[],"bd-start-date":null,"details-exams-date":null,"details-club":null,"details-location-address":null,"details-city":null,"yoast_head":"<!-- This site is optimized with the Yoast SEO plugin v27.6 - https:\/\/yoast.com\/product\/yoast-seo-wordpress\/ -->\n<title>Soporte | Padelmba<\/title>\n<meta name=\"description\" content=\"Si est\u00e1s interesado en obtener informaci\u00f3n sobre cualquiera de nuestros cursos o tienes alguna incidencia estamos disponibles para ayudarte.\" \/>\n<meta name=\"robots\" content=\"index, follow, max-snippet:-1, max-image-preview:large, max-video-preview:-1\" \/>\n<link rel=\"canonical\" href=\"https:\/\/www.padelmba.com\/en\/support-2\/\" \/>\n<meta property=\"og:locale\" content=\"en_US\" \/>\n<meta property=\"og:type\" content=\"article\" \/>\n<meta property=\"og:title\" content=\"Soporte | Padelmba\" \/>\n<meta property=\"og:description\" content=\"Si est\u00e1s interesado en obtener informaci\u00f3n sobre cualquiera de nuestros cursos o tienes alguna incidencia estamos disponibles para ayudarte.\" \/>\n<meta property=\"og:url\" content=\"https:\/\/www.padelmba.com\/en\/support-2\/\" \/>\n<meta property=\"og:site_name\" content=\"Padelmba\" \/>\n<meta property=\"article:publisher\" content=\"https:\/\/www.facebook.com\/padelmba\" \/>\n<meta property=\"article:modified_time\" content=\"2026-02-11T14:25:25+00:00\" \/>\n<meta name=\"twitter:card\" content=\"summary_large_image\" \/>\n<meta name=\"twitter:label1\" content=\"Est. reading time\" \/>\n\t<meta name=\"twitter:data1\" content=\"1 minute\" \/>\n<script type=\"application\/ld+json\" class=\"yoast-schema-graph\">{\"@context\":\"https:\\\/\\\/schema.org\",\"@graph\":[{\"@type\":[\"WebPage\",\"ContactPage\"],\"@id\":\"https:\\\/\\\/www.padelmba.com\\\/soporte\\\/\",\"url\":\"https:\\\/\\\/www.padelmba.com\\\/soporte\\\/\",\"name\":\"Soporte | Padelmba\",\"isPartOf\":{\"@id\":\"https:\\\/\\\/www.padelmba.com\\\/#website\"},\"datePublished\":\"2020-11-25T11:23:58+00:00\",\"dateModified\":\"2026-02-11T14:25:25+00:00\",\"description\":\"Si est\u00e1s interesado en obtener informaci\u00f3n sobre cualquiera de nuestros cursos o tienes alguna incidencia estamos disponibles para ayudarte.\",\"breadcrumb\":{\"@id\":\"https:\\\/\\\/www.padelmba.com\\\/soporte\\\/#breadcrumb\"},\"inLanguage\":\"en-US\",\"potentialAction\":[{\"@type\":\"ReadAction\",\"target\":[\"https:\\\/\\\/www.padelmba.com\\\/soporte\\\/\"]}]},{\"@type\":\"BreadcrumbList\",\"@id\":\"https:\\\/\\\/www.padelmba.com\\\/soporte\\\/#breadcrumb\",\"itemListElement\":[{\"@type\":\"ListItem\",\"position\":1,\"name\":\"Portada\",\"item\":\"https:\\\/\\\/www.padelmba.com\\\/\"},{\"@type\":\"ListItem\",\"position\":2,\"name\":\"Soporte\"}]},{\"@type\":\"WebSite\",\"@id\":\"https:\\\/\\\/www.padelmba.com\\\/#website\",\"url\":\"https:\\\/\\\/www.padelmba.com\\\/\",\"name\":\"Padelmba\",\"description\":\"Certificaci\u00f3n internacional para monitores de padel\",\"publisher\":{\"@id\":\"https:\\\/\\\/www.padelmba.com\\\/#organization\"},\"potentialAction\":[{\"@type\":\"SearchAction\",\"target\":{\"@type\":\"EntryPoint\",\"urlTemplate\":\"https:\\\/\\\/www.padelmba.com\\\/?s={search_term_string}\"},\"query-input\":{\"@type\":\"PropertyValueSpecification\",\"valueRequired\":true,\"valueName\":\"search_term_string\"}}],\"inLanguage\":\"en-US\"},{\"@type\":\"Organization\",\"@id\":\"https:\\\/\\\/www.padelmba.com\\\/#organization\",\"name\":\"Padelmba\",\"url\":\"https:\\\/\\\/www.padelmba.com\\\/\",\"logo\":{\"@type\":\"ImageObject\",\"inLanguage\":\"en-US\",\"@id\":\"https:\\\/\\\/www.padelmba.com\\\/#\\\/schema\\\/logo\\\/image\\\/\",\"url\":\"https:\\\/\\\/www.padelmba.com\\\/wp-content\\\/uploads\\\/2025\\\/12\\\/padelmba.svg\",\"contentUrl\":\"https:\\\/\\\/www.padelmba.com\\\/wp-content\\\/uploads\\\/2025\\\/12\\\/padelmba.svg\",\"width\":305,\"height\":58,\"caption\":\"Padelmba\"},\"image\":{\"@id\":\"https:\\\/\\\/www.padelmba.com\\\/#\\\/schema\\\/logo\\\/image\\\/\"},\"sameAs\":[\"https:\\\/\\\/www.facebook.com\\\/padelmba\",\"https:\\\/\\\/www.instagram.com\\\/padelmba\",\"https:\\\/\\\/www.linkedin.com\\\/company\\\/padelmba\",\"https:\\\/\\\/www.youtube.com\\\/channel\\\/UCaygcKQnuvZQUbZfd8s0GEw\",\"https:\\\/\\\/www.tiktok.com\\\/@padelmba\"]}]}<\/script>\n<!-- \/ Yoast SEO plugin. -->","yoast_head_json":{"title":"Support | Padelmba","description":"If you are interested in obtaining information about any of our courses or if you have any questions we are available to help you.","robots":{"index":"index","follow":"follow","max-snippet":"max-snippet:-1","max-image-preview":"max-image-preview:large","max-video-preview":"max-video-preview:-1"},"canonical":"https:\/\/www.padelmba.com\/en\/support-2\/","og_locale":"en_US","og_type":"article","og_title":"Soporte | Padelmba","og_description":"Si est\u00e1s interesado en obtener informaci\u00f3n sobre cualquiera de nuestros cursos o tienes alguna incidencia estamos disponibles para ayudarte.","og_url":"https:\/\/www.padelmba.com\/en\/support-2\/","og_site_name":"Padelmba","article_publisher":"https:\/\/www.facebook.com\/padelmba","article_modified_time":"2026-02-11T14:25:25+00:00","twitter_card":"summary_large_image","twitter_misc":{"Est. reading time":"1 minute"},"schema":{"@context":"https:\/\/schema.org","@graph":[{"@type":["WebPage","ContactPage"],"@id":"https:\/\/www.padelmba.com\/soporte\/","url":"https:\/\/www.padelmba.com\/soporte\/","name":"Support | Padelmba","isPartOf":{"@id":"https:\/\/www.padelmba.com\/#website"},"datePublished":"2020-11-25T11:23:58+00:00","dateModified":"2026-02-11T14:25:25+00:00","description":"If you are interested in obtaining information about any of our courses or if you have any questions we are available to help you.","breadcrumb":{"@id":"https:\/\/www.padelmba.com\/soporte\/#breadcrumb"},"inLanguage":"en-US","potentialAction":[{"@type":"ReadAction","target":["https:\/\/www.padelmba.com\/soporte\/"]}]},{"@type":"BreadcrumbList","@id":"https:\/\/www.padelmba.com\/soporte\/#breadcrumb","itemListElement":[{"@type":"ListItem","position":1,"name":"Portada","item":"https:\/\/www.padelmba.com\/"},{"@type":"ListItem","position":2,"name":"Soporte"}]},{"@type":"WebSite","@id":"https:\/\/www.padelmba.com\/#website","url":"https:\/\/www.padelmba.com\/","name":"Padelmba","description":"International certification for padel instructors","publisher":{"@id":"https:\/\/www.padelmba.com\/#organization"},"potentialAction":[{"@type":"SearchAction","target":{"@type":"EntryPoint","urlTemplate":"https:\/\/www.padelmba.com\/?s={search_term_string}"},"query-input":{"@type":"PropertyValueSpecification","valueRequired":true,"valueName":"search_term_string"}}],"inLanguage":"en-US"},{"@type":"Organization","@id":"https:\/\/www.padelmba.com\/#organization","name":"Padelmba","url":"https:\/\/www.padelmba.com\/","logo":{"@type":"ImageObject","inLanguage":"en-US","@id":"https:\/\/www.padelmba.com\/#\/schema\/logo\/image\/","url":"https:\/\/www.padelmba.com\/wp-content\/uploads\/2025\/12\/padelmba.svg","contentUrl":"https:\/\/www.padelmba.com\/wp-content\/uploads\/2025\/12\/padelmba.svg","width":305,"height":58,"caption":"Padelmba"},"image":{"@id":"https:\/\/www.padelmba.com\/#\/schema\/logo\/image\/"},"sameAs":["https:\/\/www.facebook.com\/padelmba","https:\/\/www.instagram.com\/padelmba","https:\/\/www.linkedin.com\/company\/padelmba","https:\/\/www.youtube.com\/channel\/UCaygcKQnuvZQUbZfd8s0GEw","https:\/\/www.tiktok.com\/@padelmba"]}]}},"_links":{"self":[{"href":"https:\/\/www.padelmba.com\/en\/wp-json\/wp\/v2\/pages\/19545","targetHints":{"allow":["GET"]}}],"collection":[{"href":"https:\/\/www.padelmba.com\/en\/wp-json\/wp\/v2\/pages"}],"about":[{"href":"https:\/\/www.padelmba.com\/en\/wp-json\/wp\/v2\/types\/page"}],"author":[{"embeddable":true,"href":"https:\/\/www.padelmba.com\/en\/wp-json\/wp\/v2\/users\/3625"}],"replies":[{"embeddable":true,"href":"https:\/\/www.padelmba.com\/en\/wp-json\/wp\/v2\/comments?post=19545"}],"version-history":[{"count":10,"href":"https:\/\/www.padelmba.com\/en\/wp-json\/wp\/v2\/pages\/19545\/revisions"}],"predecessor-version":[{"id":449073,"href":"https:\/\/www.padelmba.com\/en\/wp-json\/wp\/v2\/pages\/19545\/revisions\/449073"}],"wp:attachment":[{"href":"https:\/\/www.padelmba.com\/en\/wp-json\/wp\/v2\/media?parent=19545"}],"curies":[{"name":"wp","href":"https:\/\/api.w.org\/{rel}","templated":true}]}}