{"id":213,"date":"2020-04-08T06:42:58","date_gmt":"2020-04-08T04:42:58","guid":{"rendered":"https:\/\/www.padelmba.com\/?page_id=213"},"modified":"2026-02-04T13:18:03","modified_gmt":"2026-02-04T12:18:03","slug":"my-account-2","status":"publish","type":"page","link":"https:\/\/www.padelmba.com\/en\/mi-cuenta\/","title":{"rendered":"My account"},"content":{"rendered":"<div data-elementor-type=\"wp-page\" data-elementor-id=\"213\" class=\"elementor elementor-213\" data-elementor-post-type=\"page\">\n\t\t\t\t<div class=\"elementor-element elementor-element-b440448 e-flex e-con-boxed e-con e-parent\" data-id=\"b440448\" data-element_type=\"container\" data-e-type=\"container\" data-settings=\"{&quot;background_background&quot;:&quot;classic&quot;}\">\n\t\t\t\t\t<div class=\"e-con-inner\">\n\t\t\t\t<div class=\"elementor-element elementor-element-3a91719 elementor-widget elementor-widget-heading\" data-id=\"3a91719\" data-element_type=\"widget\" data-e-type=\"widget\" data-widget_type=\"heading.default\">\n\t\t\t\t<div class=\"elementor-widget-container\">\n\t\t\t\t\t<h1 class=\"elementor-heading-title elementor-size-default\">Customer area<\/h1>\t\t\t\t<\/div>\n\t\t\t\t<\/div>\n\t\t\t\t<div class=\"elementor-element elementor-element-bd8808d elementor-widget__width-initial elementor-widget elementor-widget-heading\" data-id=\"bd8808d\" data-element_type=\"widget\" data-e-type=\"widget\" data-widget_type=\"heading.default\">\n\t\t\t\t<div class=\"elementor-widget-container\">\n\t\t\t\t\t<h1 class=\"elementor-heading-title elementor-size-default\">Here you will be able to see your customer data, your order history, your payment methods and you will have access to the academy. If you have one of our online micro-courses you can also access from here.<\/h1>\t\t\t\t<\/div>\n\t\t\t\t<\/div>\n\t\t\t\t<div class=\"elementor-element elementor-element-aba0ad9 elementor-align-center elementor-widget elementor-widget-button\" data-id=\"aba0ad9\" data-element_type=\"widget\" data-e-type=\"widget\" data-widget_type=\"button.default\">\n\t\t\t\t<div class=\"elementor-widget-container\">\n\t\t\t\t\t\t\t\t\t<div class=\"elementor-button-wrapper\">\n\t\t\t\t\t<a class=\"elementor-button elementor-button-link elementor-size-xl elementor-animation-float\" href=\"https:\/\/academy.padelmba.com\/login\/index.php\">\n\t\t\t\t\t\t<span class=\"elementor-button-content-wrapper\">\n\t\t\t\t\t\t<span class=\"elementor-button-icon\">\n\t\t\t\t<i aria-hidden=\"true\" class=\"fas fa-graduation-cap\"><\/i>\t\t\t<\/span>\n\t\t\t\t\t\t\t\t\t<span class=\"elementor-button-text\">Virtual classroom<\/span>\n\t\t\t\t\t<\/span>\n\t\t\t\t\t<\/a>\n\t\t\t\t<\/div>\n\t\t\t\t\t\t\t\t<\/div>\n\t\t\t\t<\/div>\n\t\t\t\t<div class=\"elementor-element elementor-element-96cd8fd elementor-align-center elementor-widget elementor-widget-button\" data-id=\"96cd8fd\" data-element_type=\"widget\" data-e-type=\"widget\" data-widget_type=\"button.default\">\n\t\t\t\t<div class=\"elementor-widget-container\">\n\t\t\t\t\t\t\t\t\t<div class=\"elementor-button-wrapper\">\n\t\t\t\t\t<a class=\"elementor-button elementor-button-link elementor-size-xl elementor-animation-float\" href=\"#listado\">\n\t\t\t\t\t\t<span class=\"elementor-button-content-wrapper\">\n\t\t\t\t\t\t\t\t\t<span class=\"elementor-button-text\">mini-courses<\/span>\n\t\t\t\t\t<\/span>\n\t\t\t\t\t<\/a>\n\t\t\t\t<\/div>\n\t\t\t\t\t\t\t\t<\/div>\n\t\t\t\t<\/div>\n\t\t\t\t\t<\/div>\n\t\t\t\t<\/div>\n\t\t<div class=\"elementor-element elementor-element-b9643de e-flex e-con-boxed e-con e-parent\" data-id=\"b9643de\" data-element_type=\"container\" data-e-type=\"container\" data-settings=\"{&quot;background_background&quot;:&quot;classic&quot;}\">\n\t\t\t\t\t<div class=\"e-con-inner\">\n\t\t<div class=\"elementor-element elementor-element-9719878 e-flex e-con-boxed e-con e-child\" data-id=\"9719878\" data-element_type=\"container\" data-e-type=\"container\" data-settings=\"{&quot;background_background&quot;:&quot;classic&quot;}\">\n\t\t\t\t\t<div class=\"e-con-inner\">\n\t\t\t\t<div class=\"elementor-element elementor-element-1c79e82 e-my-account-tabs-vertical elementor-widget elementor-widget-woocommerce-my-account\" data-id=\"1c79e82\" data-element_type=\"widget\" data-e-type=\"widget\" data-widget_type=\"woocommerce-my-account.default\">\n\t\t\t\t<div class=\"elementor-widget-container\">\n\t\t\t\t\t<div class=\"e-my-account-tab e-my-account-tab__\">\t\t\t<div class=\"woocommerce\"><\/div>\t\t<\/div>\n\t\t\t\t\t\t<\/div>\n\t\t\t\t<\/div>\n\t\t\t\t\t<\/div>\n\t\t\t\t<\/div>\n\t\t\t\t\t<\/div>\n\t\t\t\t<\/div>\n\t\t<div class=\"elementor-element elementor-element-0159586 e-flex e-con-boxed e-con e-parent\" data-id=\"0159586\" data-element_type=\"container\" data-e-type=\"container\" id=\"listado\" data-settings=\"{&quot;background_background&quot;:&quot;gradient&quot;}\">\n\t\t\t\t\t<div class=\"e-con-inner\">\n\t\t\t\t\t<\/div>\n\t\t\t\t<\/div>\n\t\t\t\t<\/div>","protected":false},"excerpt":{"rendered":"<p>Area de cliente Aqu\u00ed podr\u00e1s ver tus datos como cliente, tu historial de pedidos, tus m\u00e9todos de pago y tendr\u00e1s acceso a la academia. Si tienes uno de nuestros micro-cursos online tambi\u00e9n podr\u00e1s acceder desde aqu\u00ed. Aula virtual mini-cursos Escritorio Pedidos Descargas direcci\u00f3n de facturaci\u00f3n M\u00e9todos de pago Editar cuenta Cerrar sesi\u00f3n Hola Jorge (\u00bfno [&hellip;]<\/p>\n","protected":false},"author":3625,"featured_media":0,"parent":0,"menu_order":0,"comment_status":"closed","ping_status":"closed","template":"elementor_header_footer","meta":{"_acf_changed":false,"footnotes":""},"class_list":["post-213","page","type-page","status-publish","hentry"],"acf":[],"bd-start-date":null,"details-exams-date":null,"details-club":null,"details-location-address":null,"details-city":null,"yoast_head":"<!-- This site is optimized with the Yoast SEO plugin v27.6 - https:\/\/yoast.com\/product\/yoast-seo-wordpress\/ -->\n<title>Mi cuenta | Padelmba<\/title>\n<meta name=\"robots\" content=\"index, follow, max-snippet:-1, max-image-preview:large, max-video-preview:-1\" \/>\n<link rel=\"canonical\" href=\"https:\/\/www.padelmba.com\/en\/my-account-2\/\" \/>\n<meta property=\"og:locale\" content=\"en_US\" \/>\n<meta property=\"og:type\" content=\"article\" \/>\n<meta property=\"og:title\" content=\"Mi cuenta | Padelmba\" \/>\n<meta property=\"og:description\" content=\"Area de cliente Aqu\u00ed podr\u00e1s ver tus datos como cliente, tu historial de pedidos, tus m\u00e9todos de pago y tendr\u00e1s acceso a la academia. Si tienes uno de nuestros micro-cursos online tambi\u00e9n podr\u00e1s acceder desde aqu\u00ed. Aula virtual mini-cursos Escritorio Pedidos Descargas direcci\u00f3n de facturaci\u00f3n M\u00e9todos de pago Editar cuenta Cerrar sesi\u00f3n Hola Jorge (\u00bfno [&hellip;]\" \/>\n<meta property=\"og:url\" content=\"https:\/\/www.padelmba.com\/en\/my-account-2\/\" \/>\n<meta property=\"og:site_name\" content=\"Padelmba\" \/>\n<meta property=\"article:publisher\" content=\"https:\/\/www.facebook.com\/padelmba\" \/>\n<meta property=\"article:modified_time\" content=\"2026-02-04T12:18:03+00:00\" \/>\n<meta name=\"twitter:card\" content=\"summary_large_image\" \/>\n<meta name=\"twitter:label1\" content=\"Est. reading time\" \/>\n\t<meta name=\"twitter:data1\" content=\"8 minutes\" \/>\n<script type=\"application\/ld+json\" class=\"yoast-schema-graph\">{\"@context\":\"https:\\\/\\\/schema.org\",\"@graph\":[{\"@type\":[\"WebPage\",\"ProfilePage\"],\"@id\":\"https:\\\/\\\/www.padelmba.com\\\/mi-cuenta\\\/\",\"url\":\"https:\\\/\\\/www.padelmba.com\\\/mi-cuenta\\\/\",\"name\":\"Mi cuenta | Padelmba\",\"isPartOf\":{\"@id\":\"https:\\\/\\\/www.padelmba.com\\\/#website\"},\"datePublished\":\"2020-04-08T04:42:58+00:00\",\"dateModified\":\"2026-02-04T12:18:03+00:00\",\"breadcrumb\":{\"@id\":\"https:\\\/\\\/www.padelmba.com\\\/mi-cuenta\\\/#breadcrumb\"},\"inLanguage\":\"en-US\",\"potentialAction\":[{\"@type\":\"ReadAction\",\"target\":[\"https:\\\/\\\/www.padelmba.com\\\/mi-cuenta\\\/\"]}]},{\"@type\":\"BreadcrumbList\",\"@id\":\"https:\\\/\\\/www.padelmba.com\\\/mi-cuenta\\\/#breadcrumb\",\"itemListElement\":[{\"@type\":\"ListItem\",\"position\":1,\"name\":\"Portada\",\"item\":\"https:\\\/\\\/www.padelmba.com\\\/\"},{\"@type\":\"ListItem\",\"position\":2,\"name\":\"Mi cuenta\"}]},{\"@type\":\"WebSite\",\"@id\":\"https:\\\/\\\/www.padelmba.com\\\/#website\",\"url\":\"https:\\\/\\\/www.padelmba.com\\\/\",\"name\":\"Padelmba\",\"description\":\"Certificaci\u00f3n internacional para monitores de padel\",\"publisher\":{\"@id\":\"https:\\\/\\\/www.padelmba.com\\\/#organization\"},\"potentialAction\":[{\"@type\":\"SearchAction\",\"target\":{\"@type\":\"EntryPoint\",\"urlTemplate\":\"https:\\\/\\\/www.padelmba.com\\\/?s={search_term_string}\"},\"query-input\":{\"@type\":\"PropertyValueSpecification\",\"valueRequired\":true,\"valueName\":\"search_term_string\"}}],\"inLanguage\":\"en-US\"},{\"@type\":\"Organization\",\"@id\":\"https:\\\/\\\/www.padelmba.com\\\/#organization\",\"name\":\"Padelmba\",\"url\":\"https:\\\/\\\/www.padelmba.com\\\/\",\"logo\":{\"@type\":\"ImageObject\",\"inLanguage\":\"en-US\",\"@id\":\"https:\\\/\\\/www.padelmba.com\\\/#\\\/schema\\\/logo\\\/image\\\/\",\"url\":\"https:\\\/\\\/www.padelmba.com\\\/wp-content\\\/uploads\\\/2025\\\/12\\\/padelmba.svg\",\"contentUrl\":\"https:\\\/\\\/www.padelmba.com\\\/wp-content\\\/uploads\\\/2025\\\/12\\\/padelmba.svg\",\"width\":305,\"height\":58,\"caption\":\"Padelmba\"},\"image\":{\"@id\":\"https:\\\/\\\/www.padelmba.com\\\/#\\\/schema\\\/logo\\\/image\\\/\"},\"sameAs\":[\"https:\\\/\\\/www.facebook.com\\\/padelmba\",\"https:\\\/\\\/www.instagram.com\\\/padelmba\",\"https:\\\/\\\/www.linkedin.com\\\/company\\\/padelmba\",\"https:\\\/\\\/www.youtube.com\\\/channel\\\/UCaygcKQnuvZQUbZfd8s0GEw\",\"https:\\\/\\\/www.tiktok.com\\\/@padelmba\"],\"mainEntityOfPage\":{\"@id\":\"https:\\\/\\\/www.padelmba.com\\\/mi-cuenta\\\/\"}}]}<\/script>\n<!-- \/ Yoast SEO plugin. -->","yoast_head_json":{"title":"My account | Padelmba","robots":{"index":"index","follow":"follow","max-snippet":"max-snippet:-1","max-image-preview":"max-image-preview:large","max-video-preview":"max-video-preview:-1"},"canonical":"https:\/\/www.padelmba.com\/en\/my-account-2\/","og_locale":"en_US","og_type":"article","og_title":"Mi cuenta | Padelmba","og_description":"Area de cliente Aqu\u00ed podr\u00e1s ver tus datos como cliente, tu historial de pedidos, tus m\u00e9todos de pago y tendr\u00e1s acceso a la academia. Si tienes uno de nuestros micro-cursos online tambi\u00e9n podr\u00e1s acceder desde aqu\u00ed. Aula virtual mini-cursos Escritorio Pedidos Descargas direcci\u00f3n de facturaci\u00f3n M\u00e9todos de pago Editar cuenta Cerrar sesi\u00f3n Hola Jorge (\u00bfno [&hellip;]","og_url":"https:\/\/www.padelmba.com\/en\/my-account-2\/","og_site_name":"Padelmba","article_publisher":"https:\/\/www.facebook.com\/padelmba","article_modified_time":"2026-02-04T12:18:03+00:00","twitter_card":"summary_large_image","twitter_misc":{"Est. reading time":"8 minutes"},"schema":{"@context":"https:\/\/schema.org","@graph":[{"@type":["WebPage","ProfilePage"],"@id":"https:\/\/www.padelmba.com\/mi-cuenta\/","url":"https:\/\/www.padelmba.com\/mi-cuenta\/","name":"My account | Padelmba","isPartOf":{"@id":"https:\/\/www.padelmba.com\/#website"},"datePublished":"2020-04-08T04:42:58+00:00","dateModified":"2026-02-04T12:18:03+00:00","breadcrumb":{"@id":"https:\/\/www.padelmba.com\/mi-cuenta\/#breadcrumb"},"inLanguage":"en-US","potentialAction":[{"@type":"ReadAction","target":["https:\/\/www.padelmba.com\/mi-cuenta\/"]}]},{"@type":"BreadcrumbList","@id":"https:\/\/www.padelmba.com\/mi-cuenta\/#breadcrumb","itemListElement":[{"@type":"ListItem","position":1,"name":"Portada","item":"https:\/\/www.padelmba.com\/"},{"@type":"ListItem","position":2,"name":"Mi cuenta"}]},{"@type":"WebSite","@id":"https:\/\/www.padelmba.com\/#website","url":"https:\/\/www.padelmba.com\/","name":"Padelmba","description":"International certification for padel instructors","publisher":{"@id":"https:\/\/www.padelmba.com\/#organization"},"potentialAction":[{"@type":"SearchAction","target":{"@type":"EntryPoint","urlTemplate":"https:\/\/www.padelmba.com\/?s={search_term_string}"},"query-input":{"@type":"PropertyValueSpecification","valueRequired":true,"valueName":"search_term_string"}}],"inLanguage":"en-US"},{"@type":"Organization","@id":"https:\/\/www.padelmba.com\/#organization","name":"Padelmba","url":"https:\/\/www.padelmba.com\/","logo":{"@type":"ImageObject","inLanguage":"en-US","@id":"https:\/\/www.padelmba.com\/#\/schema\/logo\/image\/","url":"https:\/\/www.padelmba.com\/wp-content\/uploads\/2025\/12\/padelmba.svg","contentUrl":"https:\/\/www.padelmba.com\/wp-content\/uploads\/2025\/12\/padelmba.svg","width":305,"height":58,"caption":"Padelmba"},"image":{"@id":"https:\/\/www.padelmba.com\/#\/schema\/logo\/image\/"},"sameAs":["https:\/\/www.facebook.com\/padelmba","https:\/\/www.instagram.com\/padelmba","https:\/\/www.linkedin.com\/company\/padelmba","https:\/\/www.youtube.com\/channel\/UCaygcKQnuvZQUbZfd8s0GEw","https:\/\/www.tiktok.com\/@padelmba"],"mainEntityOfPage":{"@id":"https:\/\/www.padelmba.com\/mi-cuenta\/"}}]}},"_links":{"self":[{"href":"https:\/\/www.padelmba.com\/en\/wp-json\/wp\/v2\/pages\/213","targetHints":{"allow":["GET"]}}],"collection":[{"href":"https:\/\/www.padelmba.com\/en\/wp-json\/wp\/v2\/pages"}],"about":[{"href":"https:\/\/www.padelmba.com\/en\/wp-json\/wp\/v2\/types\/page"}],"author":[{"embeddable":true,"href":"https:\/\/www.padelmba.com\/en\/wp-json\/wp\/v2\/users\/3625"}],"replies":[{"embeddable":true,"href":"https:\/\/www.padelmba.com\/en\/wp-json\/wp\/v2\/comments?post=213"}],"version-history":[{"count":10,"href":"https:\/\/www.padelmba.com\/en\/wp-json\/wp\/v2\/pages\/213\/revisions"}],"predecessor-version":[{"id":448772,"href":"https:\/\/www.padelmba.com\/en\/wp-json\/wp\/v2\/pages\/213\/revisions\/448772"}],"wp:attachment":[{"href":"https:\/\/www.padelmba.com\/en\/wp-json\/wp\/v2\/media?parent=213"}],"curies":[{"name":"wp","href":"https:\/\/api.w.org\/{rel}","templated":true}]}}