{"id":447823,"date":"2026-01-14T11:54:03","date_gmt":"2026-01-14T10:54:03","guid":{"rendered":"https:\/\/www.padelmba.com\/?page_id=447823"},"modified":"2026-02-11T12:31:34","modified_gmt":"2026-02-11T11:31:34","slug":"companies","status":"publish","type":"page","link":"https:\/\/www.padelmba.com\/en\/empresas\/","title":{"rendered":"For companies"},"content":{"rendered":"<div data-elementor-type=\"wp-page\" data-elementor-id=\"447823\" class=\"elementor elementor-447823\" data-elementor-post-type=\"page\">\n\t\t\t\t<div class=\"elementor-element elementor-element-e674dcc e-flex e-con-boxed e-con e-parent\" data-id=\"e674dcc\" data-element_type=\"container\" data-e-type=\"container\" data-settings=\"{&quot;background_background&quot;:&quot;classic&quot;}\">\n\t\t\t\t\t<div class=\"e-con-inner\">\n\t\t\t\t<div class=\"elementor-element elementor-element-432db0b elementor-widget elementor-widget-heading\" data-id=\"432db0b\" data-element_type=\"widget\" data-e-type=\"widget\" data-widget_type=\"heading.default\">\n\t\t\t\t<div class=\"elementor-widget-container\">\n\t\t\t\t\t<h1 class=\"elementor-heading-title elementor-size-default\">Discover how we can work with your company or business<\/h1>\t\t\t\t<\/div>\n\t\t\t\t<\/div>\n\t\t\t\t<div class=\"elementor-element elementor-element-75ae838 elementor-widget__width-initial elementor-widget elementor-widget-heading\" data-id=\"75ae838\" data-element_type=\"widget\" data-e-type=\"widget\" data-widget_type=\"heading.default\">\n\t\t\t\t<div class=\"elementor-widget-container\">\n\t\t\t\t\t<h1 class=\"elementor-heading-title elementor-size-default translation-block\">We offer <b>specialized consulting services<\/b>, as well as <b>training packages for your staff<\/b> and collaboration models under brand distribution agreements. We design a customized plan to <b>increase sales, reduce costs, and improve the quality of your services<\/b> using the Padelmba methodology and continuous support.<\/h1>\t\t\t\t<\/div>\n\t\t\t\t<\/div>\n\t\t\t\t\t<\/div>\n\t\t\t\t<\/div>\n\t\t<div class=\"elementor-element elementor-element-81e4c20 e-flex e-con-boxed e-con e-parent\" data-id=\"81e4c20\" data-element_type=\"container\" data-e-type=\"container\">\n\t\t\t\t\t<div class=\"e-con-inner\">\n\t\t<div class=\"elementor-element elementor-element-b8333c0 e-con-full e-flex e-con e-child\" data-id=\"b8333c0\" data-element_type=\"container\" data-e-type=\"container\">\n\t\t\t\t<div class=\"elementor-element elementor-element-31a960b elementor-widget elementor-widget-heading\" data-id=\"31a960b\" data-element_type=\"widget\" data-e-type=\"widget\" data-widget_type=\"heading.default\">\n\t\t\t\t<div class=\"elementor-widget-container\">\n\t\t\t\t\t<h2 class=\"elementor-heading-title elementor-size-default\">Strategic consulting for padel clubs and businesses<\/h2>\t\t\t\t<\/div>\n\t\t\t\t<\/div>\n\t\t\t\t<div class=\"elementor-element elementor-element-cf54718 elementor-widget elementor-widget-text-editor\" data-id=\"cf54718\" data-element_type=\"widget\" data-e-type=\"widget\" data-widget_type=\"text-editor.default\">\n\t\t\t\t<div class=\"elementor-widget-container\">\n\t\t\t\t\t\t\t\t\t<p data-start=\"59\" data-end=\"436\" class=\"translation-block\">Optimize your business with a clear and measurable plan. Our consulting service diagnoses designs and executes actions to increase sales, reduce costs, and improve service quality. We work with you on customer loyalty, pricing and cross-selling, digitization and domotics, supplier negotiations, dashboards, and brand image.<\/p><p data-start=\"438\" data-end=\"710\" class=\"translation-block\">We proceed in phases to ensure the best results: <strong>initial study<\/strong>, <strong>action plan<\/strong>, <strong>manager and staff training<\/strong>, and <strong data-start=\"\u201c565\u201d\" data-end=\"\u201c590\u201d\">supervised implementation<\/strong>. 60-minute online sessions, handy deliverables, and follow-up so your team can implement them confidently and quickly.<\/p>\t\t\t\t\t\t\t\t<\/div>\n\t\t\t\t<\/div>\n\t\t\t\t<div class=\"elementor-element elementor-element-01772d1 elementor-align-left elementor-tablet-align-center elementor-widget elementor-widget-button\" data-id=\"01772d1\" data-element_type=\"widget\" data-e-type=\"widget\" data-widget_type=\"button.default\">\n\t\t\t\t<div class=\"elementor-widget-container\">\n\t\t\t\t\t\t\t\t\t<div class=\"elementor-button-wrapper\">\n\t\t\t\t\t<a class=\"elementor-button elementor-button-link elementor-size-md elementor-animation-float\" href=\"\/en\/companies\/consulting-paddle-tennis-schools-clubs-action-plan\/\">\n\t\t\t\t\t\t<span class=\"elementor-button-content-wrapper\">\n\t\t\t\t\t\t\t\t\t<span class=\"elementor-button-text\">MORE INFORMATION<\/span>\n\t\t\t\t\t<\/span>\n\t\t\t\t\t<\/a>\n\t\t\t\t<\/div>\n\t\t\t\t\t\t\t\t<\/div>\n\t\t\t\t<\/div>\n\t\t\t\t<\/div>\n\t\t<div class=\"elementor-element elementor-element-737a37c e-con-full e-flex e-con e-child\" data-id=\"737a37c\" data-element_type=\"container\" data-e-type=\"container\">\n\t\t\t\t<div class=\"elementor-element elementor-element-0acdc80 elementor-widget elementor-widget-image\" data-id=\"0acdc80\" data-element_type=\"widget\" data-e-type=\"widget\" data-widget_type=\"image.default\">\n\t\t\t\t<div class=\"elementor-widget-container\">\n\t\t\t\t\t\t\t\t\t\t\t\t\t\t\t<img fetchpriority=\"high\" decoding=\"async\" width=\"800\" height=\"483\" src=\"https:\/\/www.padelmba.com\/wp-content\/uploads\/2026\/01\/iconos-consultoria-1024x618.webp\" class=\"attachment-large size-large wp-image-447830\" alt=\"\" srcset=\"https:\/\/www.padelmba.com\/wp-content\/uploads\/2026\/01\/iconos-consultoria-1024x618.webp 1024w, https:\/\/www.padelmba.com\/wp-content\/uploads\/2026\/01\/iconos-consultoria-300x181.webp 300w, https:\/\/www.padelmba.com\/wp-content\/uploads\/2026\/01\/iconos-consultoria-768x463.webp 768w, https:\/\/www.padelmba.com\/wp-content\/uploads\/2026\/01\/iconos-consultoria-600x362.webp 600w, https:\/\/www.padelmba.com\/wp-content\/uploads\/2026\/01\/iconos-consultoria.webp 1247w\" sizes=\"(max-width: 800px) 100vw, 800px\" \/>\t\t\t\t\t\t\t\t\t\t\t\t\t\t\t<\/div>\n\t\t\t\t<\/div>\n\t\t\t\t<\/div>\n\t\t\t\t\t<\/div>\n\t\t\t\t<\/div>\n\t\t<div class=\"elementor-element elementor-element-c325009 e-flex e-con-boxed e-con e-parent\" data-id=\"c325009\" data-element_type=\"container\" data-e-type=\"container\" data-settings=\"{&quot;background_background&quot;:&quot;classic&quot;}\">\n\t\t\t\t\t<div class=\"e-con-inner\">\n\t\t<div class=\"elementor-element elementor-element-f4fe387 e-con-full e-flex e-con e-child\" data-id=\"f4fe387\" data-element_type=\"container\" data-e-type=\"container\">\n\t\t\t\t<div class=\"elementor-element elementor-element-e380276 elementor-widget elementor-widget-heading\" data-id=\"e380276\" data-element_type=\"widget\" data-e-type=\"widget\" data-widget_type=\"heading.default\">\n\t\t\t\t<div class=\"elementor-widget-container\">\n\t\t\t\t\t<h2 class=\"elementor-heading-title elementor-size-default\">Complete training program for clubs and schools<\/h2>\t\t\t\t<\/div>\n\t\t\t\t<\/div>\n\t\t\t\t<div class=\"elementor-element elementor-element-f021cd9 elementor-widget elementor-widget-text-editor\" data-id=\"f021cd9\" data-element_type=\"widget\" data-e-type=\"widget\" data-widget_type=\"text-editor.default\">\n\t\t\t\t<div class=\"elementor-widget-container\">\n\t\t\t\t\t\t\t\t\t<p data-start=\"44\" data-end=\"389\" class=\"translation-block\">Raise the bar at your school with a 360\u00ba training plan for <strong data-start=\"\u201c93\u201d\" data-end=\"\u201c132\u201d\">coaches, coordinators, and managers<\/strong>. We certify your team with the Padelmba methodology, align processes, and improve the student experience to reduce dropouts, increase average ticket revenue, and open new lines of income (competitions, private lessons). Increase the average ticket price<\/strong> and <strong data-start=\"\u2018310\u2019\" data-end=\"\u201c345\u201d\">open up new lines of revenue<\/strong> (competitions, private lessons, camps, sponsorships).<\/p><p data-start=\"391\" data-end=\"711\" class=\"translation-block\">The program combines <strong data-start=\"\u201c411\u201d\" data-end=\"\u201c431\u201d\">online training<\/strong>, <strong data-start=\"\u201c433\u201d\" data-end=\"\u2018469\u2019\">in-person sessions at your club<\/strong>, and <strong data-start=\"\u201c472\u201d\" data-end=\"\u201c494\u201d\">continuing education<\/strong>, with evaluations and certificates to guarantee quality standards. It includes designing itineraries based on profiles, teaching materials, staff support, and implementing improvements on the court and in management.<\/p>\t\t\t\t\t\t\t\t<\/div>\n\t\t\t\t<\/div>\n\t\t\t\t<div class=\"elementor-element elementor-element-7ad9518 elementor-align-left elementor-tablet-align-center elementor-widget elementor-widget-button\" data-id=\"7ad9518\" data-element_type=\"widget\" data-e-type=\"widget\" data-widget_type=\"button.default\">\n\t\t\t\t<div class=\"elementor-widget-container\">\n\t\t\t\t\t\t\t\t\t<div class=\"elementor-button-wrapper\">\n\t\t\t\t\t<a class=\"elementor-button elementor-button-link elementor-size-md elementor-animation-float\" href=\"\/en\/companies\/internal-trainings\/\">\n\t\t\t\t\t\t<span class=\"elementor-button-content-wrapper\">\n\t\t\t\t\t\t\t\t\t<span class=\"elementor-button-text\">I want to train my staff<\/span>\n\t\t\t\t\t<\/span>\n\t\t\t\t\t<\/a>\n\t\t\t\t<\/div>\n\t\t\t\t\t\t\t\t<\/div>\n\t\t\t\t<\/div>\n\t\t\t\t<\/div>\n\t\t<div class=\"elementor-element elementor-element-be03a51 e-con-full e-flex e-con e-child\" data-id=\"be03a51\" data-element_type=\"container\" data-e-type=\"container\">\n\t\t\t\t<div class=\"elementor-element elementor-element-f5c66ec elementor-widget elementor-widget-image\" data-id=\"f5c66ec\" data-element_type=\"widget\" data-e-type=\"widget\" data-widget_type=\"image.default\">\n\t\t\t\t<div class=\"elementor-widget-container\">\n\t\t\t\t\t\t\t\t\t\t\t\t\t\t\t<img decoding=\"async\" width=\"800\" height=\"457\" src=\"https:\/\/www.padelmba.com\/wp-content\/uploads\/2026\/01\/iconos-formaciones-internas-1024x585.webp\" class=\"attachment-large size-large wp-image-447831\" alt=\"\" srcset=\"https:\/\/www.padelmba.com\/wp-content\/uploads\/2026\/01\/iconos-formaciones-internas-1024x585.webp 1024w, https:\/\/www.padelmba.com\/wp-content\/uploads\/2026\/01\/iconos-formaciones-internas-300x171.webp 300w, https:\/\/www.padelmba.com\/wp-content\/uploads\/2026\/01\/iconos-formaciones-internas-768x439.webp 768w, https:\/\/www.padelmba.com\/wp-content\/uploads\/2026\/01\/iconos-formaciones-internas-600x343.webp 600w, https:\/\/www.padelmba.com\/wp-content\/uploads\/2026\/01\/iconos-formaciones-internas.webp 1324w\" sizes=\"(max-width: 800px) 100vw, 800px\" \/>\t\t\t\t\t\t\t\t\t\t\t\t\t\t\t<\/div>\n\t\t\t\t<\/div>\n\t\t\t\t<\/div>\n\t\t\t\t\t<\/div>\n\t\t\t\t<\/div>\n\t\t\t\t<\/div>","protected":false},"excerpt":{"rendered":"<p>Descubre c\u00f3mo podemos trabajar con tu empresa o negocio Contamos con servicios de consultor\u00eda especializada, as\u00ed como paquetes de formaci\u00f3n para tu staff y modelos de colaboraci\u00f3n bajo convenios de distribuci\u00f3n de marca. Dise\u00f1amos un plan a medida para aumentar ventas, reducir costes y mejorar la calidad de tus servicios con metodolog\u00eda Padelmba y acompa\u00f1amiento [&hellip;]<\/p>\n","protected":false},"author":3625,"featured_media":447824,"parent":0,"menu_order":0,"comment_status":"closed","ping_status":"closed","template":"elementor_header_footer","meta":{"_acf_changed":false,"footnotes":""},"class_list":["post-447823","page","type-page","status-publish","has-post-thumbnail","hentry"],"acf":[],"bd-start-date":null,"details-exams-date":null,"details-club":null,"details-location-address":null,"details-city":null,"yoast_head":"<!-- This site is optimized with the Yoast SEO plugin v27.6 - https:\/\/yoast.com\/product\/yoast-seo-wordpress\/ -->\n<title>Para empresas | Padelmba<\/title>\n<meta name=\"description\" content=\"Consultor\u00eda para clubes y escuelas de p\u00e1del y formaciones internas. Optimiza procesos y rentabilidad y capacita a tu equipo.\" \/>\n<meta name=\"robots\" content=\"index, follow, max-snippet:-1, max-image-preview:large, max-video-preview:-1\" \/>\n<link rel=\"canonical\" href=\"https:\/\/www.padelmba.com\/en\/companies\/\" \/>\n<meta property=\"og:locale\" content=\"en_US\" \/>\n<meta property=\"og:type\" content=\"article\" \/>\n<meta property=\"og:title\" content=\"Para empresas | Padelmba\" \/>\n<meta property=\"og:description\" content=\"Consultor\u00eda para clubes y escuelas de p\u00e1del y formaciones internas. Optimiza procesos y rentabilidad y capacita a tu equipo.\" \/>\n<meta property=\"og:url\" content=\"https:\/\/www.padelmba.com\/en\/companies\/\" \/>\n<meta property=\"og:site_name\" content=\"Padelmba\" \/>\n<meta property=\"article:publisher\" content=\"https:\/\/www.facebook.com\/padelmba\" \/>\n<meta property=\"article:modified_time\" content=\"2026-02-11T11:31:34+00:00\" \/>\n<meta property=\"og:image\" content=\"https:\/\/www.padelmba.com\/wp-content\/uploads\/2026\/01\/background-consultorias.webp\" \/>\n\t<meta property=\"og:image:width\" content=\"1920\" \/>\n\t<meta property=\"og:image:height\" content=\"1280\" \/>\n\t<meta property=\"og:image:type\" content=\"image\/webp\" \/>\n<meta name=\"twitter:card\" content=\"summary_large_image\" \/>\n<meta name=\"twitter:label1\" content=\"Est. reading time\" \/>\n\t<meta name=\"twitter:data1\" content=\"2 minutes\" \/>\n<script type=\"application\/ld+json\" class=\"yoast-schema-graph\">{\"@context\":\"https:\\\/\\\/schema.org\",\"@graph\":[{\"@type\":\"WebPage\",\"@id\":\"https:\\\/\\\/www.padelmba.com\\\/empresas\\\/\",\"url\":\"https:\\\/\\\/www.padelmba.com\\\/empresas\\\/\",\"name\":\"Para empresas | Padelmba\",\"isPartOf\":{\"@id\":\"https:\\\/\\\/www.padelmba.com\\\/#website\"},\"primaryImageOfPage\":{\"@id\":\"https:\\\/\\\/www.padelmba.com\\\/empresas\\\/#primaryimage\"},\"image\":{\"@id\":\"https:\\\/\\\/www.padelmba.com\\\/empresas\\\/#primaryimage\"},\"thumbnailUrl\":\"https:\\\/\\\/www.padelmba.com\\\/wp-content\\\/uploads\\\/2026\\\/01\\\/background-consultorias.webp\",\"datePublished\":\"2026-01-14T10:54:03+00:00\",\"dateModified\":\"2026-02-11T11:31:34+00:00\",\"description\":\"Consultor\u00eda para clubes y escuelas de p\u00e1del y formaciones internas. Optimiza procesos y rentabilidad y capacita a tu equipo.\",\"breadcrumb\":{\"@id\":\"https:\\\/\\\/www.padelmba.com\\\/empresas\\\/#breadcrumb\"},\"inLanguage\":\"en-US\",\"potentialAction\":[{\"@type\":\"ReadAction\",\"target\":[\"https:\\\/\\\/www.padelmba.com\\\/empresas\\\/\"]}]},{\"@type\":\"ImageObject\",\"inLanguage\":\"en-US\",\"@id\":\"https:\\\/\\\/www.padelmba.com\\\/empresas\\\/#primaryimage\",\"url\":\"https:\\\/\\\/www.padelmba.com\\\/wp-content\\\/uploads\\\/2026\\\/01\\\/background-consultorias.webp\",\"contentUrl\":\"https:\\\/\\\/www.padelmba.com\\\/wp-content\\\/uploads\\\/2026\\\/01\\\/background-consultorias.webp\",\"width\":1920,\"height\":1280},{\"@type\":\"BreadcrumbList\",\"@id\":\"https:\\\/\\\/www.padelmba.com\\\/empresas\\\/#breadcrumb\",\"itemListElement\":[{\"@type\":\"ListItem\",\"position\":1,\"name\":\"Portada\",\"item\":\"https:\\\/\\\/www.padelmba.com\\\/\"},{\"@type\":\"ListItem\",\"position\":2,\"name\":\"Para empresas\"}]},{\"@type\":\"WebSite\",\"@id\":\"https:\\\/\\\/www.padelmba.com\\\/#website\",\"url\":\"https:\\\/\\\/www.padelmba.com\\\/\",\"name\":\"Padelmba\",\"description\":\"Certificaci\u00f3n internacional para monitores de padel\",\"publisher\":{\"@id\":\"https:\\\/\\\/www.padelmba.com\\\/#organization\"},\"potentialAction\":[{\"@type\":\"SearchAction\",\"target\":{\"@type\":\"EntryPoint\",\"urlTemplate\":\"https:\\\/\\\/www.padelmba.com\\\/?s={search_term_string}\"},\"query-input\":{\"@type\":\"PropertyValueSpecification\",\"valueRequired\":true,\"valueName\":\"search_term_string\"}}],\"inLanguage\":\"en-US\"},{\"@type\":\"Organization\",\"@id\":\"https:\\\/\\\/www.padelmba.com\\\/#organization\",\"name\":\"Padelmba\",\"url\":\"https:\\\/\\\/www.padelmba.com\\\/\",\"logo\":{\"@type\":\"ImageObject\",\"inLanguage\":\"en-US\",\"@id\":\"https:\\\/\\\/www.padelmba.com\\\/#\\\/schema\\\/logo\\\/image\\\/\",\"url\":\"https:\\\/\\\/www.padelmba.com\\\/wp-content\\\/uploads\\\/2025\\\/12\\\/padelmba.svg\",\"contentUrl\":\"https:\\\/\\\/www.padelmba.com\\\/wp-content\\\/uploads\\\/2025\\\/12\\\/padelmba.svg\",\"width\":305,\"height\":58,\"caption\":\"Padelmba\"},\"image\":{\"@id\":\"https:\\\/\\\/www.padelmba.com\\\/#\\\/schema\\\/logo\\\/image\\\/\"},\"sameAs\":[\"https:\\\/\\\/www.facebook.com\\\/padelmba\",\"https:\\\/\\\/www.instagram.com\\\/padelmba\",\"https:\\\/\\\/www.linkedin.com\\\/company\\\/padelmba\",\"https:\\\/\\\/www.youtube.com\\\/channel\\\/UCaygcKQnuvZQUbZfd8s0GEw\",\"https:\\\/\\\/www.tiktok.com\\\/@padelmba\"]}]}<\/script>\n<!-- \/ Yoast SEO plugin. -->","yoast_head_json":{"title":"For companies : Padelmba","description":"Consulting for clubs and paddle schools and internal training. Optimize processes and profitability and train your team.","robots":{"index":"index","follow":"follow","max-snippet":"max-snippet:-1","max-image-preview":"max-image-preview:large","max-video-preview":"max-video-preview:-1"},"canonical":"https:\/\/www.padelmba.com\/en\/companies\/","og_locale":"en_US","og_type":"article","og_title":"Para empresas | Padelmba","og_description":"Consultor\u00eda para clubes y escuelas de p\u00e1del y formaciones internas. Optimiza procesos y rentabilidad y capacita a tu equipo.","og_url":"https:\/\/www.padelmba.com\/en\/companies\/","og_site_name":"Padelmba","article_publisher":"https:\/\/www.facebook.com\/padelmba","article_modified_time":"2026-02-11T11:31:34+00:00","og_image":[{"width":1920,"height":1280,"url":"https:\/\/www.padelmba.com\/wp-content\/uploads\/2026\/01\/background-consultorias.webp","type":"image\/webp"}],"twitter_card":"summary_large_image","twitter_misc":{"Est. reading time":"2 minutes"},"schema":{"@context":"https:\/\/schema.org","@graph":[{"@type":"WebPage","@id":"https:\/\/www.padelmba.com\/empresas\/","url":"https:\/\/www.padelmba.com\/empresas\/","name":"For companies : Padelmba","isPartOf":{"@id":"https:\/\/www.padelmba.com\/#website"},"primaryImageOfPage":{"@id":"https:\/\/www.padelmba.com\/empresas\/#primaryimage"},"image":{"@id":"https:\/\/www.padelmba.com\/empresas\/#primaryimage"},"thumbnailUrl":"https:\/\/www.padelmba.com\/wp-content\/uploads\/2026\/01\/background-consultorias.webp","datePublished":"2026-01-14T10:54:03+00:00","dateModified":"2026-02-11T11:31:34+00:00","description":"Consulting for clubs and paddle schools and internal training. Optimize processes and profitability and train your team.","breadcrumb":{"@id":"https:\/\/www.padelmba.com\/empresas\/#breadcrumb"},"inLanguage":"en-US","potentialAction":[{"@type":"ReadAction","target":["https:\/\/www.padelmba.com\/empresas\/"]}]},{"@type":"ImageObject","inLanguage":"en-US","@id":"https:\/\/www.padelmba.com\/empresas\/#primaryimage","url":"https:\/\/www.padelmba.com\/wp-content\/uploads\/2026\/01\/background-consultorias.webp","contentUrl":"https:\/\/www.padelmba.com\/wp-content\/uploads\/2026\/01\/background-consultorias.webp","width":1920,"height":1280},{"@type":"BreadcrumbList","@id":"https:\/\/www.padelmba.com\/empresas\/#breadcrumb","itemListElement":[{"@type":"ListItem","position":1,"name":"Portada","item":"https:\/\/www.padelmba.com\/"},{"@type":"ListItem","position":2,"name":"Para empresas"}]},{"@type":"WebSite","@id":"https:\/\/www.padelmba.com\/#website","url":"https:\/\/www.padelmba.com\/","name":"Padelmba","description":"International certification for padel instructors","publisher":{"@id":"https:\/\/www.padelmba.com\/#organization"},"potentialAction":[{"@type":"SearchAction","target":{"@type":"EntryPoint","urlTemplate":"https:\/\/www.padelmba.com\/?s={search_term_string}"},"query-input":{"@type":"PropertyValueSpecification","valueRequired":true,"valueName":"search_term_string"}}],"inLanguage":"en-US"},{"@type":"Organization","@id":"https:\/\/www.padelmba.com\/#organization","name":"Padelmba","url":"https:\/\/www.padelmba.com\/","logo":{"@type":"ImageObject","inLanguage":"en-US","@id":"https:\/\/www.padelmba.com\/#\/schema\/logo\/image\/","url":"https:\/\/www.padelmba.com\/wp-content\/uploads\/2025\/12\/padelmba.svg","contentUrl":"https:\/\/www.padelmba.com\/wp-content\/uploads\/2025\/12\/padelmba.svg","width":305,"height":58,"caption":"Padelmba"},"image":{"@id":"https:\/\/www.padelmba.com\/#\/schema\/logo\/image\/"},"sameAs":["https:\/\/www.facebook.com\/padelmba","https:\/\/www.instagram.com\/padelmba","https:\/\/www.linkedin.com\/company\/padelmba","https:\/\/www.youtube.com\/channel\/UCaygcKQnuvZQUbZfd8s0GEw","https:\/\/www.tiktok.com\/@padelmba"]}]}},"_links":{"self":[{"href":"https:\/\/www.padelmba.com\/en\/wp-json\/wp\/v2\/pages\/447823","targetHints":{"allow":["GET"]}}],"collection":[{"href":"https:\/\/www.padelmba.com\/en\/wp-json\/wp\/v2\/pages"}],"about":[{"href":"https:\/\/www.padelmba.com\/en\/wp-json\/wp\/v2\/types\/page"}],"author":[{"embeddable":true,"href":"https:\/\/www.padelmba.com\/en\/wp-json\/wp\/v2\/users\/3625"}],"replies":[{"embeddable":true,"href":"https:\/\/www.padelmba.com\/en\/wp-json\/wp\/v2\/comments?post=447823"}],"version-history":[{"count":10,"href":"https:\/\/www.padelmba.com\/en\/wp-json\/wp\/v2\/pages\/447823\/revisions"}],"predecessor-version":[{"id":449012,"href":"https:\/\/www.padelmba.com\/en\/wp-json\/wp\/v2\/pages\/447823\/revisions\/449012"}],"wp:featuredmedia":[{"embeddable":true,"href":"https:\/\/www.padelmba.com\/en\/wp-json\/wp\/v2\/media\/447824"}],"wp:attachment":[{"href":"https:\/\/www.padelmba.com\/en\/wp-json\/wp\/v2\/media?parent=447823"}],"curies":[{"name":"wp","href":"https:\/\/api.w.org\/{rel}","templated":true}]}}