{"id":449108,"date":"2026-02-12T10:39:53","date_gmt":"2026-02-12T09:39:53","guid":{"rendered":"https:\/\/www.padelmba.com\/?post_type=product&#038;p=449108"},"modified":"2026-04-01T13:00:05","modified_gmt":"2026-04-01T11:00:05","slug":"kids-moscow-march-2026","status":"publish","type":"product","link":"https:\/\/www.padelmba.com\/en\/producto\/kids-moscu-marzo-de-2026\/","title":{"rendered":"Moscow, March 2026"},"content":{"rendered":"<p><strong>Certified Padel Coach KIDS<\/strong> is a professional course that combines online and on-court training so that, after passing the final evaluation, you will become a Padelmba certified instructor. At the end of the course you will get a <strong>official Padelmba degree and recognized by SEP and SICyT (Mexico).<\/strong>, with educational and labor validity and the possibility of international apostille if your country is a member of the <strong>Treaty of The Hague<\/strong>, valid in more than 100 countries.<\/p>\n<p>An official certification to teach paddle with method, institutional support and international projection.<\/p>","protected":false},"excerpt":{"rendered":"<p>Official course that makes you <strong data-start=\"34\" data-end=\"66\">certified padel coach<\/strong>, with <strong data-start=\"72\" data-end=\"97\">international validity<\/strong> and a <strong data-start=\"104\" data-end=\"168\">professional methodology ready to teach and make a living from padel<\/strong>.<\/p>","protected":false},"featured_media":448652,"template":"","meta":{"_acf_changed":false},"pmba_cert":[1082],"pmba_cert_date":[1070],"pmba_country":[1141],"product_brand":[],"product_cat":[864,967,1043],"product_tag":[],"class_list":{"0":"post-449108","1":"product","2":"type-product","3":"status-publish","4":"has-post-thumbnail","6":"pmba_cert-certified-padel-coach-kids","7":"pmba_cert_date-marzo","8":"pmba_country-rusia","9":"product_cat-certificaciones","10":"product_cat-convocatorias","11":"product_cat-sep","13":"first","14":"outofstock","15":"sold-individually","16":"taxable","17":"shipping-taxable","18":"purchasable","19":"product-type-variable"},"acf":[],"bd-start-date":null,"details-exams-date":null,"details-club":null,"details-location-address":null,"details-city":null,"yoast_head":"<!-- This site is optimized with the Yoast SEO plugin v27.4 - https:\/\/yoast.com\/product\/yoast-seo-wordpress\/ -->\n<title>Mosc\u00fa, Marzo de 2026 | Padelmba<\/title>\n<meta name=\"description\" content=\"Curso oficial que te convierte en monitor de p\u00e1del certificado, con validez internacional y una metodolog\u00eda profesional lista para ense\u00f1ar y vivir del p\u00e1del.\" \/>\n<meta name=\"robots\" content=\"index, follow, max-snippet:-1, max-image-preview:large, max-video-preview:-1\" \/>\n<link rel=\"canonical\" href=\"https:\/\/www.padelmba.com\/en\/product\/kids-moscow-march-2026\/\" \/>\n<meta property=\"og:locale\" content=\"en_US\" \/>\n<meta property=\"og:type\" content=\"article\" \/>\n<meta property=\"og:title\" content=\"Mosc\u00fa, Marzo de 2026 | Padelmba\" \/>\n<meta property=\"og:description\" content=\"Curso oficial que te convierte en monitor de p\u00e1del certificado, con validez internacional y una metodolog\u00eda profesional lista para ense\u00f1ar y vivir del p\u00e1del.\" \/>\n<meta property=\"og:url\" content=\"https:\/\/www.padelmba.com\/en\/product\/kids-moscow-march-2026\/\" \/>\n<meta property=\"og:site_name\" content=\"Padelmba\" \/>\n<meta property=\"article:publisher\" content=\"https:\/\/www.facebook.com\/padelmba\" \/>\n<meta property=\"article:modified_time\" content=\"2026-04-01T11:00:05+00:00\" \/>\n<meta property=\"og:image\" content=\"https:\/\/www.padelmba.com\/wp-content\/uploads\/2026\/01\/premium-welcome-pack-cpc-1.webp\" \/>\n\t<meta property=\"og:image:width\" content=\"1080\" \/>\n\t<meta property=\"og:image:height\" content=\"1080\" \/>\n\t<meta property=\"og:image:type\" content=\"image\/webp\" \/>\n<meta name=\"twitter:card\" content=\"summary_large_image\" \/>\n<meta name=\"twitter:label1\" content=\"Est. reading time\" \/>\n\t<meta name=\"twitter:data1\" content=\"1 minute\" \/>\n<script type=\"application\/ld+json\" class=\"yoast-schema-graph\">{\"@context\":\"https:\\\/\\\/schema.org\",\"@graph\":[{\"@type\":\"WebPage\",\"@id\":\"https:\\\/\\\/www.padelmba.com\\\/producto\\\/kids-moscu-marzo-de-2026\\\/\",\"url\":\"https:\\\/\\\/www.padelmba.com\\\/producto\\\/kids-moscu-marzo-de-2026\\\/\",\"name\":\"Mosc\u00fa, Marzo de 2026 | Padelmba\",\"isPartOf\":{\"@id\":\"https:\\\/\\\/www.padelmba.com\\\/#website\"},\"primaryImageOfPage\":{\"@id\":\"https:\\\/\\\/www.padelmba.com\\\/producto\\\/kids-moscu-marzo-de-2026\\\/#primaryimage\"},\"image\":{\"@id\":\"https:\\\/\\\/www.padelmba.com\\\/producto\\\/kids-moscu-marzo-de-2026\\\/#primaryimage\"},\"thumbnailUrl\":\"https:\\\/\\\/www.padelmba.com\\\/wp-content\\\/uploads\\\/2026\\\/01\\\/premium-welcome-pack-cpc-1.webp\",\"datePublished\":\"2026-02-12T09:39:53+00:00\",\"dateModified\":\"2026-04-01T11:00:05+00:00\",\"description\":\"Curso oficial que te convierte en monitor de p\u00e1del certificado, con validez internacional y una metodolog\u00eda profesional lista para ense\u00f1ar y vivir del p\u00e1del.\",\"breadcrumb\":{\"@id\":\"https:\\\/\\\/www.padelmba.com\\\/producto\\\/kids-moscu-marzo-de-2026\\\/#breadcrumb\"},\"inLanguage\":\"en-US\",\"potentialAction\":[{\"@type\":\"ReadAction\",\"target\":[\"https:\\\/\\\/www.padelmba.com\\\/producto\\\/kids-moscu-marzo-de-2026\\\/\"]}]},{\"@type\":\"ImageObject\",\"inLanguage\":\"en-US\",\"@id\":\"https:\\\/\\\/www.padelmba.com\\\/producto\\\/kids-moscu-marzo-de-2026\\\/#primaryimage\",\"url\":\"https:\\\/\\\/www.padelmba.com\\\/wp-content\\\/uploads\\\/2026\\\/01\\\/premium-welcome-pack-cpc-1.webp\",\"contentUrl\":\"https:\\\/\\\/www.padelmba.com\\\/wp-content\\\/uploads\\\/2026\\\/01\\\/premium-welcome-pack-cpc-1.webp\",\"width\":1080,\"height\":1080},{\"@type\":\"BreadcrumbList\",\"@id\":\"https:\\\/\\\/www.padelmba.com\\\/producto\\\/kids-moscu-marzo-de-2026\\\/#breadcrumb\",\"itemListElement\":[{\"@type\":\"ListItem\",\"position\":1,\"name\":\"Portada\",\"item\":\"https:\\\/\\\/www.padelmba.com\\\/\"},{\"@type\":\"ListItem\",\"position\":2,\"name\":\"Convocatorias presenciales\",\"item\":\"https:\\\/\\\/www.padelmba.com\\\/certified-padel\\\/convocatorias-cp\\\/\"},{\"@type\":\"ListItem\",\"position\":3,\"name\":\"Mosc\u00fa, Marzo de 2026\"}]},{\"@type\":\"WebSite\",\"@id\":\"https:\\\/\\\/www.padelmba.com\\\/#website\",\"url\":\"https:\\\/\\\/www.padelmba.com\\\/\",\"name\":\"Padelmba\",\"description\":\"Certificaci\u00f3n internacional para monitores de padel\",\"publisher\":{\"@id\":\"https:\\\/\\\/www.padelmba.com\\\/#organization\"},\"potentialAction\":[{\"@type\":\"SearchAction\",\"target\":{\"@type\":\"EntryPoint\",\"urlTemplate\":\"https:\\\/\\\/www.padelmba.com\\\/?s={search_term_string}\"},\"query-input\":{\"@type\":\"PropertyValueSpecification\",\"valueRequired\":true,\"valueName\":\"search_term_string\"}}],\"inLanguage\":\"en-US\"},{\"@type\":\"Organization\",\"@id\":\"https:\\\/\\\/www.padelmba.com\\\/#organization\",\"name\":\"Padelmba\",\"url\":\"https:\\\/\\\/www.padelmba.com\\\/\",\"logo\":{\"@type\":\"ImageObject\",\"inLanguage\":\"en-US\",\"@id\":\"https:\\\/\\\/www.padelmba.com\\\/#\\\/schema\\\/logo\\\/image\\\/\",\"url\":\"https:\\\/\\\/www.padelmba.com\\\/wp-content\\\/uploads\\\/2025\\\/12\\\/padelmba.svg\",\"contentUrl\":\"https:\\\/\\\/www.padelmba.com\\\/wp-content\\\/uploads\\\/2025\\\/12\\\/padelmba.svg\",\"width\":305,\"height\":58,\"caption\":\"Padelmba\"},\"image\":{\"@id\":\"https:\\\/\\\/www.padelmba.com\\\/#\\\/schema\\\/logo\\\/image\\\/\"},\"sameAs\":[\"https:\\\/\\\/www.facebook.com\\\/padelmba\",\"https:\\\/\\\/www.instagram.com\\\/padelmba\",\"https:\\\/\\\/www.linkedin.com\\\/company\\\/padelmba\",\"https:\\\/\\\/www.youtube.com\\\/channel\\\/UCaygcKQnuvZQUbZfd8s0GEw\",\"https:\\\/\\\/www.tiktok.com\\\/@padelmba\"]}]}<\/script>\n<!-- \/ Yoast SEO plugin. -->","yoast_head_json":{"title":"Mosc\u00fa, Marzo de 2026 | Padelmba","description":"Official course that makes you a certified paddle instructor, with international validity and a professional methodology ready to teach and make a living from paddle.","robots":{"index":"index","follow":"follow","max-snippet":"max-snippet:-1","max-image-preview":"max-image-preview:large","max-video-preview":"max-video-preview:-1"},"canonical":"https:\/\/www.padelmba.com\/en\/product\/kids-moscow-march-2026\/","og_locale":"en_US","og_type":"article","og_title":"Mosc\u00fa, Marzo de 2026 | Padelmba","og_description":"Curso oficial que te convierte en monitor de p\u00e1del certificado, con validez internacional y una metodolog\u00eda profesional lista para ense\u00f1ar y vivir del p\u00e1del.","og_url":"https:\/\/www.padelmba.com\/en\/product\/kids-moscow-march-2026\/","og_site_name":"Padelmba","article_publisher":"https:\/\/www.facebook.com\/padelmba","article_modified_time":"2026-04-01T11:00:05+00:00","og_image":[{"width":1080,"height":1080,"url":"https:\/\/www.padelmba.com\/wp-content\/uploads\/2026\/01\/premium-welcome-pack-cpc-1.webp","type":"image\/webp"}],"twitter_card":"summary_large_image","twitter_misc":{"Est. reading time":"1 minute"},"schema":{"@context":"https:\/\/schema.org","@graph":[{"@type":"WebPage","@id":"https:\/\/www.padelmba.com\/producto\/kids-moscu-marzo-de-2026\/","url":"https:\/\/www.padelmba.com\/producto\/kids-moscu-marzo-de-2026\/","name":"Mosc\u00fa, Marzo de 2026 | Padelmba","isPartOf":{"@id":"https:\/\/www.padelmba.com\/#website"},"primaryImageOfPage":{"@id":"https:\/\/www.padelmba.com\/producto\/kids-moscu-marzo-de-2026\/#primaryimage"},"image":{"@id":"https:\/\/www.padelmba.com\/producto\/kids-moscu-marzo-de-2026\/#primaryimage"},"thumbnailUrl":"https:\/\/www.padelmba.com\/wp-content\/uploads\/2026\/01\/premium-welcome-pack-cpc-1.webp","datePublished":"2026-02-12T09:39:53+00:00","dateModified":"2026-04-01T11:00:05+00:00","description":"Official course that makes you a certified paddle instructor, with international validity and a professional methodology ready to teach and make a living from paddle.","breadcrumb":{"@id":"https:\/\/www.padelmba.com\/producto\/kids-moscu-marzo-de-2026\/#breadcrumb"},"inLanguage":"en-US","potentialAction":[{"@type":"ReadAction","target":["https:\/\/www.padelmba.com\/producto\/kids-moscu-marzo-de-2026\/"]}]},{"@type":"ImageObject","inLanguage":"en-US","@id":"https:\/\/www.padelmba.com\/producto\/kids-moscu-marzo-de-2026\/#primaryimage","url":"https:\/\/www.padelmba.com\/wp-content\/uploads\/2026\/01\/premium-welcome-pack-cpc-1.webp","contentUrl":"https:\/\/www.padelmba.com\/wp-content\/uploads\/2026\/01\/premium-welcome-pack-cpc-1.webp","width":1080,"height":1080},{"@type":"BreadcrumbList","@id":"https:\/\/www.padelmba.com\/producto\/kids-moscu-marzo-de-2026\/#breadcrumb","itemListElement":[{"@type":"ListItem","position":1,"name":"Portada","item":"https:\/\/www.padelmba.com\/"},{"@type":"ListItem","position":2,"name":"Convocatorias presenciales","item":"https:\/\/www.padelmba.com\/certified-padel\/convocatorias-cp\/"},{"@type":"ListItem","position":3,"name":"Mosc\u00fa, Marzo de 2026"}]},{"@type":"WebSite","@id":"https:\/\/www.padelmba.com\/#website","url":"https:\/\/www.padelmba.com\/","name":"Padelmba","description":"International certification for padel instructors","publisher":{"@id":"https:\/\/www.padelmba.com\/#organization"},"potentialAction":[{"@type":"SearchAction","target":{"@type":"EntryPoint","urlTemplate":"https:\/\/www.padelmba.com\/?s={search_term_string}"},"query-input":{"@type":"PropertyValueSpecification","valueRequired":true,"valueName":"search_term_string"}}],"inLanguage":"en-US"},{"@type":"Organization","@id":"https:\/\/www.padelmba.com\/#organization","name":"Padelmba","url":"https:\/\/www.padelmba.com\/","logo":{"@type":"ImageObject","inLanguage":"en-US","@id":"https:\/\/www.padelmba.com\/#\/schema\/logo\/image\/","url":"https:\/\/www.padelmba.com\/wp-content\/uploads\/2025\/12\/padelmba.svg","contentUrl":"https:\/\/www.padelmba.com\/wp-content\/uploads\/2025\/12\/padelmba.svg","width":305,"height":58,"caption":"Padelmba"},"image":{"@id":"https:\/\/www.padelmba.com\/#\/schema\/logo\/image\/"},"sameAs":["https:\/\/www.facebook.com\/padelmba","https:\/\/www.instagram.com\/padelmba","https:\/\/www.linkedin.com\/company\/padelmba","https:\/\/www.youtube.com\/channel\/UCaygcKQnuvZQUbZfd8s0GEw","https:\/\/www.tiktok.com\/@padelmba"]}]}},"_links":{"self":[{"href":"https:\/\/www.padelmba.com\/en\/wp-json\/wp\/v2\/product\/449108","targetHints":{"allow":["GET"]}}],"collection":[{"href":"https:\/\/www.padelmba.com\/en\/wp-json\/wp\/v2\/product"}],"about":[{"href":"https:\/\/www.padelmba.com\/en\/wp-json\/wp\/v2\/types\/product"}],"version-history":[{"count":7,"href":"https:\/\/www.padelmba.com\/en\/wp-json\/wp\/v2\/product\/449108\/revisions"}],"predecessor-version":[{"id":449121,"href":"https:\/\/www.padelmba.com\/en\/wp-json\/wp\/v2\/product\/449108\/revisions\/449121"}],"wp:featuredmedia":[{"embeddable":true,"href":"https:\/\/www.padelmba.com\/en\/wp-json\/wp\/v2\/media\/448652"}],"wp:attachment":[{"href":"https:\/\/www.padelmba.com\/en\/wp-json\/wp\/v2\/media?parent=449108"}],"wp:term":[{"taxonomy":"pmba_cert","embeddable":true,"href":"https:\/\/www.padelmba.com\/en\/wp-json\/wp\/v2\/pmba_cert?post=449108"},{"taxonomy":"pmba_cert_date","embeddable":true,"href":"https:\/\/www.padelmba.com\/en\/wp-json\/wp\/v2\/pmba_cert_date?post=449108"},{"taxonomy":"pmba_country","embeddable":true,"href":"https:\/\/www.padelmba.com\/en\/wp-json\/wp\/v2\/pmba_country?post=449108"},{"taxonomy":"product_brand","embeddable":true,"href":"https:\/\/www.padelmba.com\/en\/wp-json\/wp\/v2\/product_brand?post=449108"},{"taxonomy":"product_cat","embeddable":true,"href":"https:\/\/www.padelmba.com\/en\/wp-json\/wp\/v2\/product_cat?post=449108"},{"taxonomy":"product_tag","embeddable":true,"href":"https:\/\/www.padelmba.com\/en\/wp-json\/wp\/v2\/product_tag?post=449108"}],"curies":[{"name":"wp","href":"https:\/\/api.w.org\/{rel}","templated":true}]}}